{"id":11858,"date":"2020-12-11T16:07:34","date_gmt":"2020-12-11T19:07:34","guid":{"rendered":"https:\/\/www.lagel.com.br\/bones-personalizados-em-porto-alegre-rs\/"},"modified":"2021-01-20T17:36:12","modified_gmt":"2021-01-20T20:36:12","slug":"bones-personalizados-em-porto-alegre-rs","status":"publish","type":"page","link":"https:\/\/www.lagel.com.br\/cidades\/bones-personalizados-em-porto-alegre-rs\/","title":{"rendered":"F\u00e1brica de bon\u00e9s em Porto Alegre RS"},"content":{"rendered":"<div class=\"wpb-content-wrapper\"><p>[vc_row][vc_column][vc_column_text]<\/p>\n<h2>F\u00e1brica de bon\u00e9s em Porto Alegre RS<\/h2>\n<p><span style=\"vertical-align: inherit;\">Voc\u00ea sabe onde encontrar F\u00e1brica de bon\u00e9s em Porto Alegre RS<\/span><span style=\"vertical-align: inherit;\">? Ent\u00e3o se prepare, pois vamos lhe apresentar uma das melhores f\u00e1brica de bon\u00e9s do Brasil.<\/span><\/p>\n<p><span style=\"vertical-align: inherit;\">Lagel uma das empresas especializadas em <a href=\"https:\/\/www.lagel.com.br\/produto\/\">bon\u00e9s personalizados de qualidade<\/a> , produzimos diversos modelos, entre eles bon\u00e9s trucker de tela, aba reta de super cap e brim, modelo dad hat com aba curva, ciclista estilo five panel, chap\u00e9u bucket e muito mais.<\/span><\/p>\n<p><span style=\"vertical-align: inherit;\">Com mais de 25 anos produzindo para grandes marcas e empresas, ganhamos experi\u00eancia e nos especializamos em bon\u00e9s premium.<\/span><\/p>\n<p><span style=\"vertical-align: inherit;\">Com isso, \u00e9 cada vez maior a busca de empresas conceituadas em conhecer nosso trabalho. Guess, Coca Cola, Redley, Cavalera, Triton, Levi\u00b4s, s\u00e3o alguns de nossos clientes.<\/span>[\/vc_column_text][\/vc_column][\/vc_row][vc_row][vc_column width=&#8221;1\/3&#8243;][vc_single_image image=&#8221;2791&#8243; img_size=&#8221;full&#8221; alignment=&#8221;center&#8221; onclick=&#8221;custom_link&#8221; link=&#8221;https:\/\/www.lagel.com.br\/produto\/bone-aba-reta-de-cremia\/&#8221;][\/vc_column][vc_column width=&#8221;1\/3&#8243;][vc_single_image image=&#8221;2788&#8243; img_size=&#8221;full&#8221; alignment=&#8221;center&#8221; onclick=&#8221;custom_link&#8221; link=&#8221;https:\/\/www.lagel.com.br\/produto\/bone-seis-gomos-jeans\/&#8221;][\/vc_column][vc_column width=&#8221;1\/3&#8243;][vc_single_image image=&#8221;2792&#8243; img_size=&#8221;full&#8221; alignment=&#8221;center&#8221; onclick=&#8221;custom_link&#8221; link=&#8221;https:\/\/www.lagel.com.br\/produto\/bone-trucker-com-interior-sublimado\/&#8221;][\/vc_column][\/vc_row][vc_row][vc_column][vc_column_text]<\/p>\n<h2><span style=\"vertical-align: inherit;\">Onde produzir bon\u00e9s premium de qualidade?<\/span><\/h2>\n<p><span style=\"vertical-align: inherit;\">Onde produzir bon\u00e9s premium de qualidade? Essa \u00e9 uma pergunta feita por diversas marcas e empresas de todo Brasil. Existem intermedi\u00e1rios e diversas f\u00e1bricas em todo Brasil, mas poucas s\u00e3o capacitadas em produzir bon\u00e9s premium, tamb\u00e9m conhecidos como bon\u00e9s private label.<\/span><\/p>\n<p><span style=\"vertical-align: inherit;\">Nossa empresa est\u00e1 em constante evolu\u00e7\u00e3o, isso porque, investimos em capacita\u00e7\u00e3o de nossos colaboradores, al\u00e9m de pesquisas para melhor nossos produtos.<\/span><\/p>\n<p><span style=\"vertical-align: inherit;\">Desta forma, alcan\u00e7amos resultados surpreendentes, comparados por nossos clientes a bon\u00e9s importados como New Era.<\/span><\/p>\n<p><span style=\"vertical-align: inherit;\">Por essa raz\u00e3o, se voc\u00ea busca por fornecedor de bon\u00e9s personalizados, certamente que podemos nos tornar grandes parceiros.<\/span><\/p>\n<p><span style=\"vertical-align: inherit;\">Contamos com um vasto portf\u00f3lio, diversas op\u00e7\u00f5es de modelos, tecidos, acess\u00f3rios e tipos de estampas. Tamb\u00e9m auxiliamos nossos clientes conforme o p\u00fablico alvo, cores mais vendidas, etc.<\/span><\/p>\n<p><span style=\"vertical-align: inherit;\">Ent\u00e3o se voc\u00ea est\u00e1 pensando em criar uma marca de bon\u00e9s, e est\u00e1 procurando por <strong>F\u00e1brica de bon\u00e9s em Porto Alegre RS<\/strong><\/span><span style=\"vertical-align: inherit;\">, certamente podemos lhe ajudar.<\/span><\/p>\n<p><span style=\"vertical-align: inherit;\">Nossa especialidade \u00e9 a produ\u00e7\u00e3o de <\/span><a href=\"https:\/\/hurdle.com.br\"><span style=\"vertical-align: inherit;\">bon\u00e9s personalizados premim<\/span><\/a><span style=\"vertical-align: inherit;\"> . Tamb\u00e9m confeccionamos e customizamos para grandes empresas, principalmente bon\u00e9s promocionais de qualidade.<\/span><\/p>\n<p><span style=\"vertical-align: inherit;\">Vamos muito al\u00e9m que oferecer um dos melhores pre\u00e7o do mercado, tamb\u00e9m contamos com um dos melhores prazos de entrega do Brasil. <\/span><\/p>\n<p><span style=\"vertical-align: inherit;\">Al\u00e9m disso, nosso principal objetivo \u00e9 atender as necessidades de nossos clientes com dedica\u00e7\u00e3o e efici\u00eancia.<\/span>[\/vc_column_text][\/vc_column][\/vc_row][vc_row][vc_column width=&#8221;1\/3&#8243;][vc_single_image image=&#8221;2789&#8243; img_size=&#8221;full&#8221; alignment=&#8221;center&#8221; onclick=&#8221;custom_link&#8221; link=&#8221;https:\/\/www.lagel.com.br\/produto\/bone-5-panel-aba-reta\/&#8221;][\/vc_column][vc_column width=&#8221;1\/3&#8243;][vc_single_image image=&#8221;2536&#8243; img_size=&#8221;full&#8221; alignment=&#8221;center&#8221; onclick=&#8221;custom_link&#8221; link=&#8221;https:\/\/www.lagel.com.br\/produto\/bone-aba-reta-todo-floral\/&#8221;][\/vc_column][vc_column width=&#8221;1\/3&#8243;][vc_single_image image=&#8221;2477&#8243; img_size=&#8221;full&#8221; alignment=&#8221;center&#8221; onclick=&#8221;custom_link&#8221; link=&#8221;https:\/\/www.lagel.com.br\/produto\/bone-seis-gomos-country\/&#8221;][\/vc_column][\/vc_row][vc_row][vc_column][vc_column_text]<\/p>\n<h2><span style=\"vertical-align: inherit;\">Onde produzir bon\u00e9s para brinde promocional?<\/span><\/h2>\n<p><span style=\"vertical-align: inherit;\">A qualidade de nossos bon\u00e9s \u00e9 a mesma para private label e <\/span><a href=\"http:\/\/www.lagel.com.br\"><span style=\"vertical-align: inherit;\">bon\u00e9s corporativos promocionais<\/span><\/a><span style=\"vertical-align: inherit;\"> , tamb\u00e9m utilizados como brinde e publicidade.<\/span><\/p>\n<p><span style=\"vertical-align: inherit;\">S\u00e3o nossos clientes, pequenas e grandes empresas em todo Brasil, algumas reconhecidas internacionalmente.<\/span><\/p>\n<p><span style=\"vertical-align: inherit;\">Guerra, Gerdau, Fiat, Condor, Carrefour, Americanas, confiam em nosso trabalho e s\u00e3o nossos parceiros.<\/span><\/p>\n<p><span style=\"vertical-align: inherit;\">Agora, depois de conhecer um pouco sobre nossa empresa, saber como trabalhamos e alguns de nossos diferenciais, que tal produzir conosco <\/span><a href=\" https:\/\/kyoodai.com.br\/produtos-promocionais\/ \"><span style=\"vertical-align: inherit;\">bon\u00e9s para brindes promocionais com qualidade<\/span><\/a><span style=\"vertical-align: inherit;\">?<\/span>[\/vc_column_text][\/vc_column][\/vc_row][vc_row][vc_column width=&#8221;1\/3&#8243;][vc_single_image image=&#8221;2588&#8243; img_size=&#8221;full&#8221; alignment=&#8221;center&#8221; onclick=&#8221;custom_link&#8221; link=&#8221;https:\/\/www.lagel.com.br\/produto\/bone-baseball-com-recorte-em-silk\/&#8221;][\/vc_column][vc_column width=&#8221;1\/3&#8243;][vc_single_image image=&#8221;2402&#8243; img_size=&#8221;full&#8221; alignment=&#8221;center&#8221; onclick=&#8221;custom_link&#8221; link=&#8221;https:\/\/www.lagel.com.br\/produto\/bone-seis-gomos-com-recorte\/&#8221;][\/vc_column][vc_column width=&#8221;1\/3&#8243;][vc_single_image image=&#8221;2579&#8243; img_size=&#8221;full&#8221; alignment=&#8221;center&#8221; onclick=&#8221;custom_link&#8221; link=&#8221;https:\/\/www.lagel.com.br\/produto\/bone-com-recorte-e-trilho\/&#8221;][\/vc_column][\/vc_row][vc_row][vc_column][vc_column_text]<span style=\"vertical-align: inherit;\">Entre em contato conosco, nossa equipe est\u00e1 preparada para lhe dar o melhor atendimento e ajudar na melhor escolha.<\/span><\/p>\n<p><span style=\"vertical-align: inherit;\">Aqui voc\u00ea encontra muito mais que um fornecedor de bon\u00e9s, mas tamb\u00e9m um parceiro, disposto a ir muito al\u00e9m para atender suas necessidades.<\/span>[\/vc_column_text][\/vc_column][\/vc_row]<\/p>\n<\/div>","protected":false},"excerpt":{"rendered":"<p>[vc_row][vc_column][vc_column_text] Voc\u00ea sabe onde encontrar ? Ent\u00e3o se prepare, pois vamos lhe apresentar uma das melhores f\u00e1brica de bon\u00e9s do Brasil. Lagel uma das empresas&#8230;<\/p>\n","protected":false},"author":1,"featured_media":0,"parent":0,"menu_order":0,"comment_status":"closed","ping_status":"closed","template":"","meta":{"footnotes":""},"class_list":["post-11858","page","type-page","status-publish","hentry"],"yoast_head":"<!-- This site is optimized with the Yoast SEO plugin v26.9 - https:\/\/yoast.com\/product\/yoast-seo-wordpress\/ -->\n<title>F\u00e1brica de bon\u00e9s em Porto Alegre RS - Lagel fornecedor online<\/title>\n<meta name=\"description\" content=\"F\u00e1brica de bon\u00e9s em Porto Alegre RS- Lagel fornecedor online, somos uma f\u00e1brica de bon\u00e9s personalizados premium, aba reta em super cap\" \/>\n<meta name=\"robots\" content=\"index, follow, max-snippet:-1, max-image-preview:large, max-video-preview:-1\" \/>\n<link rel=\"canonical\" href=\"https:\/\/www.lagel.com.br\/cidades\/bones-personalizados-em-porto-alegre-rs\/\" \/>\n<meta property=\"og:locale\" content=\"pt_BR\" \/>\n<meta property=\"og:type\" content=\"article\" \/>\n<meta property=\"og:title\" content=\"F\u00e1brica de bon\u00e9s em Porto Alegre RS - Lagel fornecedor online\" \/>\n<meta property=\"og:description\" content=\"F\u00e1brica de bon\u00e9s em Porto Alegre RS- Lagel fornecedor online, somos uma f\u00e1brica de bon\u00e9s personalizados premium, aba reta em super cap\" \/>\n<meta property=\"og:url\" content=\"https:\/\/www.lagel.com.br\/cidades\/bones-personalizados-em-porto-alegre-rs\/\" \/>\n<meta property=\"og:site_name\" content=\"Lagel\" \/>\n<meta property=\"article:modified_time\" content=\"2021-01-20T20:36:12+00:00\" \/>\n<meta name=\"twitter:card\" content=\"summary_large_image\" \/>\n<meta name=\"twitter:label1\" content=\"Est. tempo de leitura\" \/>\n\t<meta name=\"twitter:data1\" content=\"3 minutos\" \/>\n<script type=\"application\/ld+json\" class=\"yoast-schema-graph\">{\"@context\":\"https:\/\/schema.org\",\"@graph\":[{\"@type\":\"WebPage\",\"@id\":\"https:\/\/www.lagel.com.br\/cidades\/bones-personalizados-em-porto-alegre-rs\/\",\"url\":\"https:\/\/www.lagel.com.br\/cidades\/bones-personalizados-em-porto-alegre-rs\/\",\"name\":\"F\u00e1brica de bon\u00e9s em Porto Alegre RS - Lagel fornecedor online\",\"isPartOf\":{\"@id\":\"https:\/\/www.lagel.com.br\/cidades\/#website\"},\"datePublished\":\"2020-12-11T19:07:34+00:00\",\"dateModified\":\"2021-01-20T20:36:12+00:00\",\"description\":\"F\u00e1brica de bon\u00e9s em Porto Alegre RS- Lagel fornecedor online, somos uma f\u00e1brica de bon\u00e9s personalizados premium, aba reta em super cap\",\"breadcrumb\":{\"@id\":\"https:\/\/www.lagel.com.br\/cidades\/bones-personalizados-em-porto-alegre-rs\/#breadcrumb\"},\"inLanguage\":\"pt-BR\",\"potentialAction\":[{\"@type\":\"ReadAction\",\"target\":[\"https:\/\/www.lagel.com.br\/cidades\/bones-personalizados-em-porto-alegre-rs\/\"]}]},{\"@type\":\"BreadcrumbList\",\"@id\":\"https:\/\/www.lagel.com.br\/cidades\/bones-personalizados-em-porto-alegre-rs\/#breadcrumb\",\"itemListElement\":[{\"@type\":\"ListItem\",\"position\":1,\"name\":\"In\u00edcio\",\"item\":\"https:\/\/www.lagel.com.br\/cidades\/\"},{\"@type\":\"ListItem\",\"position\":2,\"name\":\"F\u00e1brica de bon\u00e9s em Porto Alegre RS\"}]},{\"@type\":\"WebSite\",\"@id\":\"https:\/\/www.lagel.com.br\/cidades\/#website\",\"url\":\"https:\/\/www.lagel.com.br\/cidades\/\",\"name\":\"Lagel\",\"description\":\"F\u00e1brica de bon\u00e9s personalizados\",\"potentialAction\":[{\"@type\":\"SearchAction\",\"target\":{\"@type\":\"EntryPoint\",\"urlTemplate\":\"https:\/\/www.lagel.com.br\/cidades\/?s={search_term_string}\"},\"query-input\":{\"@type\":\"PropertyValueSpecification\",\"valueRequired\":true,\"valueName\":\"search_term_string\"}}],\"inLanguage\":\"pt-BR\"}]}<\/script>\n<!-- \/ Yoast SEO plugin. -->","yoast_head_json":{"title":"F\u00e1brica de bon\u00e9s em Porto Alegre RS - Lagel fornecedor online","description":"F\u00e1brica de bon\u00e9s em Porto Alegre RS- Lagel fornecedor online, somos uma f\u00e1brica de bon\u00e9s personalizados premium, aba reta em super cap","robots":{"index":"index","follow":"follow","max-snippet":"max-snippet:-1","max-image-preview":"max-image-preview:large","max-video-preview":"max-video-preview:-1"},"canonical":"https:\/\/www.lagel.com.br\/cidades\/bones-personalizados-em-porto-alegre-rs\/","og_locale":"pt_BR","og_type":"article","og_title":"F\u00e1brica de bon\u00e9s em Porto Alegre RS - Lagel fornecedor online","og_description":"F\u00e1brica de bon\u00e9s em Porto Alegre RS- Lagel fornecedor online, somos uma f\u00e1brica de bon\u00e9s personalizados premium, aba reta em super cap","og_url":"https:\/\/www.lagel.com.br\/cidades\/bones-personalizados-em-porto-alegre-rs\/","og_site_name":"Lagel","article_modified_time":"2021-01-20T20:36:12+00:00","twitter_card":"summary_large_image","twitter_misc":{"Est. tempo de leitura":"3 minutos"},"schema":{"@context":"https:\/\/schema.org","@graph":[{"@type":"WebPage","@id":"https:\/\/www.lagel.com.br\/cidades\/bones-personalizados-em-porto-alegre-rs\/","url":"https:\/\/www.lagel.com.br\/cidades\/bones-personalizados-em-porto-alegre-rs\/","name":"F\u00e1brica de bon\u00e9s em Porto Alegre RS - Lagel fornecedor online","isPartOf":{"@id":"https:\/\/www.lagel.com.br\/cidades\/#website"},"datePublished":"2020-12-11T19:07:34+00:00","dateModified":"2021-01-20T20:36:12+00:00","description":"F\u00e1brica de bon\u00e9s em Porto Alegre RS- Lagel fornecedor online, somos uma f\u00e1brica de bon\u00e9s personalizados premium, aba reta em super cap","breadcrumb":{"@id":"https:\/\/www.lagel.com.br\/cidades\/bones-personalizados-em-porto-alegre-rs\/#breadcrumb"},"inLanguage":"pt-BR","potentialAction":[{"@type":"ReadAction","target":["https:\/\/www.lagel.com.br\/cidades\/bones-personalizados-em-porto-alegre-rs\/"]}]},{"@type":"BreadcrumbList","@id":"https:\/\/www.lagel.com.br\/cidades\/bones-personalizados-em-porto-alegre-rs\/#breadcrumb","itemListElement":[{"@type":"ListItem","position":1,"name":"In\u00edcio","item":"https:\/\/www.lagel.com.br\/cidades\/"},{"@type":"ListItem","position":2,"name":"F\u00e1brica de bon\u00e9s em Porto Alegre RS"}]},{"@type":"WebSite","@id":"https:\/\/www.lagel.com.br\/cidades\/#website","url":"https:\/\/www.lagel.com.br\/cidades\/","name":"Lagel","description":"F\u00e1brica de bon\u00e9s personalizados","potentialAction":[{"@type":"SearchAction","target":{"@type":"EntryPoint","urlTemplate":"https:\/\/www.lagel.com.br\/cidades\/?s={search_term_string}"},"query-input":{"@type":"PropertyValueSpecification","valueRequired":true,"valueName":"search_term_string"}}],"inLanguage":"pt-BR"}]}},"_links":{"self":[{"href":"https:\/\/www.lagel.com.br\/cidades\/wp-json\/wp\/v2\/pages\/11858","targetHints":{"allow":["GET"]}}],"collection":[{"href":"https:\/\/www.lagel.com.br\/cidades\/wp-json\/wp\/v2\/pages"}],"about":[{"href":"https:\/\/www.lagel.com.br\/cidades\/wp-json\/wp\/v2\/types\/page"}],"author":[{"embeddable":true,"href":"https:\/\/www.lagel.com.br\/cidades\/wp-json\/wp\/v2\/users\/1"}],"replies":[{"embeddable":true,"href":"https:\/\/www.lagel.com.br\/cidades\/wp-json\/wp\/v2\/comments?post=11858"}],"version-history":[{"count":3,"href":"https:\/\/www.lagel.com.br\/cidades\/wp-json\/wp\/v2\/pages\/11858\/revisions"}],"predecessor-version":[{"id":19059,"href":"https:\/\/www.lagel.com.br\/cidades\/wp-json\/wp\/v2\/pages\/11858\/revisions\/19059"}],"wp:attachment":[{"href":"https:\/\/www.lagel.com.br\/cidades\/wp-json\/wp\/v2\/media?parent=11858"}],"curies":[{"name":"wp","href":"https:\/\/api.w.org\/{rel}","templated":true}]}}